{"id":98,"date":"2019-04-14T14:59:23","date_gmt":"2019-04-14T14:59:23","guid":{"rendered":"http:\/\/schuetzenpumpestich.de\/?page_id=98"},"modified":"2019-04-23T13:57:18","modified_gmt":"2019-04-23T13:57:18","slug":"antrag-auf-mitgliedschaft","status":"publish","type":"page","link":"https:\/\/schuetzenpumpestich.de\/?page_id=98","title":{"rendered":"Antrag auf Mitgliedschaft"},"content":{"rendered":"<form enctype=\"multipart\/form-data\" method=\"post\" id=\"psfb116\" action=\"https:\/\/schuetzenpumpestich.de\/?page_id=98\" class=\"planso-form-builder\" data-id=\"116\" data-cnt=\"1\" id=\"planso_forms_116_1\" data-locale=\"de\" data-locale_long=\"de_DE\" data-datepicker=\"bootstrap-datetimepicker\" data-date_format=\"F j, Y\" data-moment_date_format=\"MMMM D, YYYY\" data-jqueryui_date_format=\"MM d, yy\" data-eternicode_date_format=\"MM d, yyyy\"><div class=\"container-fluid\"><input type=\"hidden\" name=\"psfb_pageurl\" value=\"https:\/\/schuetzenpumpestich.de\/?page_id=98\"\/><input type=\"hidden\" name=\"psfb_userip\" value=\"216.73.217.61\"\/><input type=\"hidden\" name=\"psfb_useragent\" value=\"Mozilla\/5.0 AppleWebKit\/537.36 (KHTML, like Gecko; compatible; ClaudeBot\/1.0; +claudebot@anthropic.com)\"\/><input type=\"hidden\" name=\"psfb_landingpage\" value=\"http:\/\/schuetzenpumpestich.de\/index.php?rest_route=%2Fwp%2Fv2%2Fpages%2F98\"\/><input type=\"hidden\" name=\"psfb_referer\" value=\"Direct\"\/><input type=\"hidden\" name=\"psfb_page_id\" value=\"98\"\/><input type=\"hidden\" name=\"psfb_form_submit\" value=\"1\"\/><input type=\"hidden\" name=\"psfb_form_id\" value=\"116\"\/><input type=\"hidden\" name=\"psfb_form_cnt\" value=\"1\"\/><div style=\"display:none\"><input type=\"text\" name=\"psfb_hon_as\"\/><\/div><div style=\"display:none\"><input type=\"text\" name=\"psfb_hon_as2\" id=\"psfb_hon_as2_116_1\" value=\"a5ab550dc08783983a9d38559f85535e\"\/><\/div><div style=\"display:none\"><input type=\"text\" name=\"psfb_cnt_check\" value=\"1\"\/><\/div><div class=\"row\"><div class=\"col-md-12\"><div class=\"form-group psfb-single-container\"><label class=\"control-label\" for=\"psfield_116_1\">Name<span class=\"psfb_required_mark\">*<\/span><\/label><input type=\"text\" required=\"required\" data-required=\"required\" name=\"Name\" class=\"form-control  \" id=\"psfield_116_1\" style=\"\"\/><\/div><\/div><\/div><div class=\"row\"><div class=\"col-md-12\"><div class=\"form-group psfb-single-container\"><label class=\"control-label\" for=\"psfield_116_2\">Vorname<span class=\"psfb_required_mark\">*<\/span><\/label><input type=\"text\" required=\"required\" data-required=\"required\" name=\"Vorname\" class=\"form-control  \" id=\"psfield_116_2\" style=\"\"\/><\/div><\/div><\/div><div class=\"row\"><div class=\"col-md-12\"><div class=\"form-group psfb-single-container\"><label class=\"control-label\" for=\"psfield_116_3\">Stra\u00dfe:<span class=\"psfb_required_mark\">*<\/span><\/label><input type=\"text\" required=\"required\" data-required=\"required\" name=\"Stra_e_\" class=\"form-control  \" id=\"psfield_116_3\" style=\"\"\/><\/div><\/div><\/div><div class=\"row\"><div class=\"col-md-12\"><div class=\"form-group psfb-single-container\"><label class=\"control-label\" for=\"psfield_116_4\">Postleitzahl\/ Ort:<span class=\"psfb_required_mark\">*<\/span><\/label><input type=\"text\" required=\"required\" data-required=\"required\" name=\"Postleitzahl__Ort_\" class=\"form-control  \" id=\"psfield_116_4\" style=\"\"\/><\/div><\/div><\/div><div class=\"row\"><div class=\"col-md-12\"><div class=\"form-group psfb-single-container\"><label class=\"control-label\" for=\"psfield_116_5\">Geburtsdatum:<span class=\"psfb_required_mark\">*<\/span><\/label><input type=\"date\" data-psfb_datepicker=\"bootstrap-datetimepicker\" required=\"required\" data-required=\"required\" name=\"Geburtsdatum_\" class=\"form-control  \" id=\"psfield_116_5\" style=\"\"\/><\/div><\/div><\/div><div class=\"row\"><div class=\"col-md-6\"><div class=\"form-group psfb-single-container\"><label class=\"control-label\" for=\"psfield_116_6\">Telefon:<\/label><input type=\"tel\" name=\"Telefon_\" class=\"form-control  \" id=\"psfield_116_6\" style=\"\"\/><\/div><\/div><div class=\"col-md-6\"><div class=\"form-group psfb-single-container\"><label class=\"control-label\" for=\"psfield_116_7\">E-Mail:<\/label><input type=\"email\" name=\"E_Mail_\" class=\"form-control  \" id=\"psfield_116_7\" style=\"\"\/><\/div><\/div><\/div><div class=\"row\"><div class=\"col-md-12\"><div class=\"form-group psfb-single-container\"><label class=\"control-label\" for=\"psfield_116_8\">Satzung und Datenschutz:<span class=\"psfb_required_mark\">*<\/span><\/label><div class=\"checkbox_wrapper\"><label class=\"checkbox-inline checkbox_wrapper\" style=\"\"><input data-required=\"required\" type=\"checkbox\" value=\"Satzung\/ Datenschutz\" name=\"Satzung_und_Datenschutz_[]\" id=\"psfield_116_8_1\">Satzung\/ Datenschutz<\/label><\/div><p class=\"help-block\">Die im Bereich der Webseite vorgestellte Satzung und die darin enthaltenen Regeln des Datenschutz habe ich zu Kenntnis genommen und best\u00e4tige diese.  ich willige ein, dass die Bruderschaft die aufgef\u00fchrten Daten f\u00fcr vereinsinterne Zwecke in eine vom Dachverband gef\u00fchrte EDV-gest\u00fctzte Mitgliederverwaltung speichert und nutzt.<\/p><\/div><\/div><\/div><div class=\"row\"><div class=\"col-md-12\"><div class=\"form-group psfb-single-container\"><label class=\"control-label\" for=\"psfield_116_9\">Antrag auf Mitgliedschaft:<span class=\"psfb_required_mark\">*<\/span><\/label><div class=\"checkbox_wrapper\"><label class=\"checkbox-inline checkbox_wrapper\" style=\"\"><input data-required=\"required\" type=\"checkbox\" value=\"Aufnahmeantrag:\" name=\"Antrag_auf_Mitgliedschaft_[]\" id=\"psfield_116_9_1\">Aufnahmeantrag:<\/label><\/div><p class=\"help-block\">Hiermit beantrage ich die Mitgliedschaft der St. Barbara- und St. Sebastianus- Sch\u00fctzenbruderschaft Eschweiler-Pumpe-Stich e.V.<\/p><\/div><\/div><\/div><div class=\"row\"><div class=\"col-md-12\"><div class=\"form-group psfb-single-container\"><label class=\"control-label\" for=\"psfield_116_10\">Beitragssatz:<span class=\"psfb_required_mark\">*<\/span><\/label><div class=\"checkbox_wrapper\"><label class=\"checkbox-inline checkbox_wrapper\" style=\"\"><input data-required=\"required\" type=\"checkbox\" value=\"Erwachsene 50,-\u20ac:\" name=\"Beitragssatz_[]\" id=\"psfield_116_10_1\">Erwachsene 50,-\u20ac:<\/label><label class=\"checkbox-inline checkbox_wrapper\" style=\"\"><input data-required=\"required\" type=\"checkbox\" value=\"Kinder -6 Jahre 0,-\u20ac:\" name=\"Beitragssatz_[]\" id=\"psfield_116_10_2\">Kinder -6 Jahre 0,-\u20ac:<\/label><label class=\"checkbox-inline checkbox_wrapper\" style=\"\"><input data-required=\"required\" type=\"checkbox\" value=\"Kinder - 14 Jahre 10,-\u20ac:\" name=\"Beitragssatz_[]\" id=\"psfield_116_10_3\">Kinder - 14 Jahre 10,-\u20ac:<\/label><label class=\"checkbox-inline checkbox_wrapper\" style=\"\"><input data-required=\"required\" type=\"checkbox\" value=\" \" name=\"Beitragssatz_[]\" id=\"psfield_116_10_4\">Jugendliche -18 Jahre 15,- \u20ac :<\/label><label class=\"checkbox-inline checkbox_wrapper\" style=\"\"><input data-required=\"required\" type=\"checkbox\" value=\"Studenten, BFD; Wehrdienst usw. 25,- \u20ac:\" name=\"Beitragssatz_[]\" id=\"psfield_116_10_5\">Studenten, BFD; Wehrdienst usw. 25,- \u20ac:<\/label><label class=\"checkbox-inline checkbox_wrapper\" style=\"\"><input data-required=\"required\" type=\"checkbox\" value=\"Inaktiver Beitrag 25,- \u20ac\" name=\"Beitragssatz_[]\" id=\"psfield_116_10_6\">Inaktiver Beitrag 25,- \u20ac<\/label><\/div><p class=\"help-block\">Bitte den Passenden Satz ausw\u00e4hlen.<\/p><\/div><\/div><\/div><div class=\"row\"><div class=\"col-md-12\"><div class=\"form-group psfb-single-container\"><div style=\"position:relative;z-index:1;\"><button type=\"submit\" class=\"btn btn-primary    \" id=\"psfield_116_11\" style=\"\">Senden<\/button><\/div><p class=\"help-block\">Zum absenden des Formulars klicken.<\/p><\/div><\/div><\/div><\/div><\/form>\n\n\n\n<p><\/p>\n","protected":false},"excerpt":{"rendered":"<div class=\"mh-excerpt\"><\/div>","protected":false},"author":1,"featured_media":0,"parent":0,"menu_order":0,"comment_status":"closed","ping_status":"closed","template":"","meta":{"_price":"","_stock":"","_tribe_ticket_header":"","_tribe_default_ticket_provider":"","_tribe_ticket_capacity":"0","_ticket_start_date":"","_ticket_end_date":"","_tribe_ticket_show_description":"","_tribe_ticket_show_not_going":false,"_tribe_ticket_use_global_stock":"","_tribe_ticket_global_stock_level":"","_global_stock_mode":"","_global_stock_cap":"","_tribe_rsvp_for_event":"","_tribe_ticket_going_count":"","_tribe_ticket_not_going_count":"","_tribe_tickets_list":"[]","_tribe_ticket_has_attendee_info_fields":false,"footnotes":"","_tec_slr_enabled":"","_tec_slr_layout":""},"ticketed":false,"_links":{"self":[{"href":"https:\/\/schuetzenpumpestich.de\/index.php?rest_route=\/wp\/v2\/pages\/98"}],"collection":[{"href":"https:\/\/schuetzenpumpestich.de\/index.php?rest_route=\/wp\/v2\/pages"}],"about":[{"href":"https:\/\/schuetzenpumpestich.de\/index.php?rest_route=\/wp\/v2\/types\/page"}],"author":[{"embeddable":true,"href":"https:\/\/schuetzenpumpestich.de\/index.php?rest_route=\/wp\/v2\/users\/1"}],"replies":[{"embeddable":true,"href":"https:\/\/schuetzenpumpestich.de\/index.php?rest_route=%2Fwp%2Fv2%2Fcomments&post=98"}],"version-history":[{"count":3,"href":"https:\/\/schuetzenpumpestich.de\/index.php?rest_route=\/wp\/v2\/pages\/98\/revisions"}],"predecessor-version":[{"id":118,"href":"https:\/\/schuetzenpumpestich.de\/index.php?rest_route=\/wp\/v2\/pages\/98\/revisions\/118"}],"wp:attachment":[{"href":"https:\/\/schuetzenpumpestich.de\/index.php?rest_route=%2Fwp%2Fv2%2Fmedia&parent=98"}],"curies":[{"name":"wp","href":"https:\/\/api.w.org\/{rel}","templated":true}]}}