{"id":29,"date":"2019-04-14T09:50:18","date_gmt":"2019-04-14T09:50:18","guid":{"rendered":"http:\/\/schuetzenpumpestich.de\/?page_id=29"},"modified":"2019-08-29T14:03:47","modified_gmt":"2019-08-29T14:03:47","slug":"ueber-die-bruderschaft","status":"publish","type":"page","link":"https:\/\/schuetzenpumpestich.de\/?page_id=29","title":{"rendered":"\u00dcber die Bruderschaft"},"content":{"rendered":"\n<p>Bereits in den 1850er Jahren existierte im jungen Eschweiler Ortsteil Pumpe-Stich eine Kompanie der St. Sebastianus Sch\u00fctzenbruderschaft Eschweiler (Stadtmitte).<\/p>\n\n\n\n<figure class=\"wp-block-image\"><img loading=\"lazy\" decoding=\"async\" width=\"1024\" height=\"644\" src=\"https:\/\/schuetzenpumpestich.de\/wp-content\/uploads\/2019\/04\/1913-1024x644.jpg\" alt=\"1913\" class=\"wp-image-171\" srcset=\"https:\/\/schuetzenpumpestich.de\/wp-content\/uploads\/2019\/04\/1913-1024x644.jpg 1024w, https:\/\/schuetzenpumpestich.de\/wp-content\/uploads\/2019\/04\/1913-300x189.jpg 300w, https:\/\/schuetzenpumpestich.de\/wp-content\/uploads\/2019\/04\/1913-768x483.jpg 768w\" sizes=\"(max-width: 1024px) 100vw, 1024px\" \/><figcaption>Bruderschaft 1913 mit K\u00f6nig Peter Dovern<\/figcaption><\/figure>\n\n\n\n<p>Mit Anwachsen des Ortsteils &nbsp;gr\u00fcndete sich 1869 daraus die Sch\u00fctzenbruderschaft. Mittlerweile ist sie der \u00e4lteste noch existierende Verein des Ortsteils. &nbsp;Von Anfang an war die Geschichte der Bruderschaft mit der Pfarre St. Barbara &nbsp;verbunden. Aktiv unterst\u00fctzten die Sch\u00fctzen den Bau der Kirche St. Barbara und die Pfarrwerdung.<\/p>\n\n\n\n<figure class=\"wp-block-image\"><img loading=\"lazy\" decoding=\"async\" width=\"1024\" height=\"587\" src=\"https:\/\/schuetzenpumpestich.de\/wp-content\/uploads\/2019\/04\/1924-1024x587.jpg\" alt=\"\" class=\"wp-image-172\" srcset=\"https:\/\/schuetzenpumpestich.de\/wp-content\/uploads\/2019\/04\/1924-1024x587.jpg 1024w, https:\/\/schuetzenpumpestich.de\/wp-content\/uploads\/2019\/04\/1924-300x172.jpg 300w, https:\/\/schuetzenpumpestich.de\/wp-content\/uploads\/2019\/04\/1924-768x440.jpg 768w\" sizes=\"(max-width: 1024px) 100vw, 1024px\" \/><figcaption>Offiziere der Bruderschaft 1924<\/figcaption><\/figure>\n\n\n\n<p>In Ihrer nun \u00a0150-j\u00e4hrigen Geschichte durchlebte die Bruderschaft mehrere Z\u00e4suren. Das waren u.a. die beiden Weltkriege und das Verbot der Bruderschaft durch das NS-Regime.<\/p>\n\n\n\n<figure class=\"wp-block-image\"><img loading=\"lazy\" decoding=\"async\" width=\"1024\" height=\"633\" src=\"https:\/\/schuetzenpumpestich.de\/wp-content\/uploads\/2019\/08\/1955Schuetzenfest-1024x633.jpeg\" alt=\"\" class=\"wp-image-245\" srcset=\"https:\/\/schuetzenpumpestich.de\/wp-content\/uploads\/2019\/08\/1955Schuetzenfest-1024x633.jpeg 1024w, https:\/\/schuetzenpumpestich.de\/wp-content\/uploads\/2019\/08\/1955Schuetzenfest-300x185.jpeg 300w, https:\/\/schuetzenpumpestich.de\/wp-content\/uploads\/2019\/08\/1955Schuetzenfest-768x475.jpeg 768w, https:\/\/schuetzenpumpestich.de\/wp-content\/uploads\/2019\/08\/1955Schuetzenfest.jpeg 1568w\" sizes=\"(max-width: 1024px) 100vw, 1024px\" \/><figcaption>Angetretene Bruderschaft Sch\u00fctzenfest 1955<\/figcaption><\/figure>\n\n\n\n<figure class=\"wp-block-image\"><img loading=\"lazy\" decoding=\"async\" width=\"1024\" height=\"683\" src=\"https:\/\/schuetzenpumpestich.de\/wp-content\/uploads\/2019\/04\/Abschreiten1958-1024x683.jpg\" alt=\"\" class=\"wp-image-155\" srcset=\"https:\/\/schuetzenpumpestich.de\/wp-content\/uploads\/2019\/04\/Abschreiten1958-1024x683.jpg 1024w, https:\/\/schuetzenpumpestich.de\/wp-content\/uploads\/2019\/04\/Abschreiten1958-300x200.jpg 300w, https:\/\/schuetzenpumpestich.de\/wp-content\/uploads\/2019\/04\/Abschreiten1958-768x512.jpg 768w\" sizes=\"(max-width: 1024px) 100vw, 1024px\" \/><figcaption>K\u00f6nig August Lenzen nimmt 1958 die Front ab.<\/figcaption><\/figure>\n\n\n\n<figure class=\"wp-block-image\"><img loading=\"lazy\" decoding=\"async\" width=\"1024\" height=\"691\" src=\"https:\/\/schuetzenpumpestich.de\/wp-content\/uploads\/2019\/08\/Scan-20-1-1024x691.jpeg\" alt=\"\" class=\"wp-image-253\" srcset=\"https:\/\/schuetzenpumpestich.de\/wp-content\/uploads\/2019\/08\/Scan-20-1-1024x691.jpeg 1024w, https:\/\/schuetzenpumpestich.de\/wp-content\/uploads\/2019\/08\/Scan-20-1-300x203.jpeg 300w, https:\/\/schuetzenpumpestich.de\/wp-content\/uploads\/2019\/08\/Scan-20-1-768x519.jpeg 768w, https:\/\/schuetzenpumpestich.de\/wp-content\/uploads\/2019\/08\/Scan-20-1.jpeg 1521w\" sizes=\"(max-width: 1024px) 100vw, 1024px\" \/><figcaption>Honoratioren der Bruderschaft um K\u00f6nig Peter Eymael Sch\u00fctzenfest 1968<\/figcaption><\/figure>\n\n\n\n<p>In den Jahren 1977 \u2013 1981 erfolgte &nbsp;der Bau des Sch\u00fctzenheims, Am Padtkohl 10.&nbsp;&nbsp;Wegen eines mittlerweile fehlenden geeigneten Festplatz und dem&nbsp;&nbsp;ge\u00e4nderten Feierverhalten unserer G\u00e4ste folgend, wurde das Sch\u00fctzenfest in die Mensa der Waldschule verlegt. Der H\u00f6hepunkt des&nbsp;Sch\u00fctzenfests ist nun der gro\u00dfe Sch\u00fctzenball am Samstag Abend.<\/p>\n\n\n\n<div class=\"wp-block-image\"><figure class=\"aligncenter is-resized\"><img loading=\"lazy\" decoding=\"async\" src=\"https:\/\/schuetzenpumpestich.de\/wp-content\/uploads\/2019\/04\/denis4_med_hr.jpeg\" alt=\"\" class=\"wp-image-157\" width=\"343\" height=\"257\" srcset=\"https:\/\/schuetzenpumpestich.de\/wp-content\/uploads\/2019\/04\/denis4_med_hr.jpeg 231w, https:\/\/schuetzenpumpestich.de\/wp-content\/uploads\/2019\/04\/denis4_med_hr-80x60.jpeg 80w\" sizes=\"(max-width: 343px) 100vw, 343px\" \/><figcaption>Erinnerung an unseren Pr\u00e4ses Denis van de Laak<br><\/figcaption><\/figure><\/div>\n\n\n\n<figure class=\"wp-block-image\"><img loading=\"lazy\" decoding=\"async\" width=\"1024\" height=\"682\" src=\"https:\/\/schuetzenpumpestich.de\/wp-content\/uploads\/2019\/06\/generalstab-und-Vorstand-1024x682.jpg\" alt=\"Gesch\u00e4ftsf\u00fchrung und Generalit\u00e4t\" class=\"wp-image-209\"\/><figcaption>2019: Brudermeister Oliver Wald, Gesch\u00e4ftsf\u00fchrerin Petra Frohn, Generalfeldmarschall Kaspar Schmitz, Kassiererin Michaela B\u00e4r, General Hans Peter Bings<\/figcaption><\/figure>\n\n\n\n<p>Eine erfreuliche Entwicklung nahmen in den letzten Jahren die Aktivit\u00e4ten im&nbsp;Schie\u00dfsport. Wir k\u00f6nnen nun Schiesssportm\u00f6glichkeiten in s\u00e4mtlichen Disziplinen im&nbsp;Bereich Kleinkaliber und Luftdruck anbieten und Sportler unserer Bruderschaft konnten in den letzten Jahren mehrere Bundesmeistertitel und Gewinne&nbsp;&nbsp;von \u201eDeutschen Meisterschaften\u201c f\u00fcr sich verbuchen.<\/p>\n\n\n\n<div class=\"wp-block-image\"><figure class=\"aligncenter is-resized\"><img loading=\"lazy\" decoding=\"async\" src=\"https:\/\/schuetzenpumpestich.de\/wp-content\/uploads\/2019\/04\/baer_meister.jpg\" alt=\"\" class=\"wp-image-170\" width=\"244\" height=\"434\" srcset=\"https:\/\/schuetzenpumpestich.de\/wp-content\/uploads\/2019\/04\/baer_meister.jpg 540w, https:\/\/schuetzenpumpestich.de\/wp-content\/uploads\/2019\/04\/baer_meister-169x300.jpg 169w\" sizes=\"(max-width: 244px) 100vw, 244px\" \/><figcaption>Deutscher Meister Horst B\u00e4r<\/figcaption><\/figure><\/div>\n","protected":false},"excerpt":{"rendered":"<div class=\"mh-excerpt\"><p>Bereits in den 1850er Jahren existierte im jungen Eschweiler Ortsteil Pumpe-Stich eine Kompanie der St. Sebastianus Sch\u00fctzenbruderschaft Eschweiler (Stadtmitte). Mit Anwachsen des Ortsteils &nbsp;gr\u00fcndete sich <a class=\"mh-excerpt-more\" href=\"https:\/\/schuetzenpumpestich.de\/?page_id=29\" title=\"\u00dcber die Bruderschaft\">[&#8230;]<\/a><\/p>\n<\/div>","protected":false},"author":1,"featured_media":209,"parent":2,"menu_order":0,"comment_status":"closed","ping_status":"closed","template":"","meta":{"_price":"","_stock":"","_tribe_ticket_header":"","_tribe_default_ticket_provider":"","_tribe_ticket_capacity":"0","_ticket_start_date":"","_ticket_end_date":"","_tribe_ticket_show_description":"","_tribe_ticket_show_not_going":false,"_tribe_ticket_use_global_stock":"","_tribe_ticket_global_stock_level":"","_global_stock_mode":"","_global_stock_cap":"","_tribe_rsvp_for_event":"","_tribe_ticket_going_count":"","_tribe_ticket_not_going_count":"","_tribe_tickets_list":"[]","_tribe_ticket_has_attendee_info_fields":false,"footnotes":"","_tec_slr_enabled":"","_tec_slr_layout":""},"ticketed":false,"_links":{"self":[{"href":"https:\/\/schuetzenpumpestich.de\/index.php?rest_route=\/wp\/v2\/pages\/29"}],"collection":[{"href":"https:\/\/schuetzenpumpestich.de\/index.php?rest_route=\/wp\/v2\/pages"}],"about":[{"href":"https:\/\/schuetzenpumpestich.de\/index.php?rest_route=\/wp\/v2\/types\/page"}],"author":[{"embeddable":true,"href":"https:\/\/schuetzenpumpestich.de\/index.php?rest_route=\/wp\/v2\/users\/1"}],"replies":[{"embeddable":true,"href":"https:\/\/schuetzenpumpestich.de\/index.php?rest_route=%2Fwp%2Fv2%2Fcomments&post=29"}],"version-history":[{"count":6,"href":"https:\/\/schuetzenpumpestich.de\/index.php?rest_route=\/wp\/v2\/pages\/29\/revisions"}],"predecessor-version":[{"id":254,"href":"https:\/\/schuetzenpumpestich.de\/index.php?rest_route=\/wp\/v2\/pages\/29\/revisions\/254"}],"up":[{"embeddable":true,"href":"https:\/\/schuetzenpumpestich.de\/index.php?rest_route=\/wp\/v2\/pages\/2"}],"wp:featuredmedia":[{"embeddable":true,"href":"https:\/\/schuetzenpumpestich.de\/index.php?rest_route=\/wp\/v2\/media\/209"}],"wp:attachment":[{"href":"https:\/\/schuetzenpumpestich.de\/index.php?rest_route=%2Fwp%2Fv2%2Fmedia&parent=29"}],"curies":[{"name":"wp","href":"https:\/\/api.w.org\/{rel}","templated":true}]}}