{"id":2,"date":"2016-05-10T03:48:21","date_gmt":"2016-05-10T03:48:21","guid":{"rendered":"http:\/\/schuetzenpumpestich.de\/?page_id=2"},"modified":"2019-04-23T14:04:08","modified_gmt":"2019-04-23T14:04:08","slug":"sample-page","status":"publish","type":"page","link":"https:\/\/schuetzenpumpestich.de\/?page_id=2","title":{"rendered":"EU-DSGVO"},"content":{"rendered":"<h2>Datenschutzordnung der Bruderschaft EU-DSGVO<\/h2>\n<p><strong>I. Datenschutz nach EU-DSGVO ab den 25.Mai 2018<\/strong><strong>\u00a0<\/strong><\/p>\n<p>1)\u00a0\u00a0\u00a0\u00a0Die St. Barbara- und St. Sebastianus- Sch\u00fctzenbruderschaft Eschweiler Pumpe-Stich e.V. erhebt, verarbeitet und nutzt personenbezogene Daten seiner Mitglieder (Einzelangaben \u00fcber pers\u00f6nliche und sachliche Verh\u00e4ltnisse) unter Einsatz von Datenverarbeitungsanlagen (EDV) zur Erf\u00fcllung der gem\u00e4\u00df dieser Satzung zul\u00e4ssigen Zwecke und Aufgaben, beispielsweise im Rahmen der Mitgliederverwaltung.<\/p>\n<p>Hierbei handelt es sich insbesondere um folgende Mitgliederdaten:<\/p>\n<p>&#8211; Name und Anschrift<br \/>\n&#8211; Bankverbindung<br \/>\n&#8211; Telefonnummern (Festnetz und Funk) sowie<br \/>\n&#8211; E-Mail-Adresse,<br \/>\n&#8211; Geburtsdatum,<br \/>\n&#8211; Staatsangeh\u00f6rigkeit<br \/>\n&#8211; Lizenz(en),<br \/>\n&#8211; Ehrungen,<br \/>\n&#8211; Funktion(en) un Gruppenzugeh\u00f6rigkeitenim Verein,<br \/>\n&#8211; Wettkampfergebnisse,<br \/>\n&#8211; Zugeh\u00f6rigkeit zu Mannschaften,<br \/>\n&#8211; Startrechte und ausge\u00fcbte Wettbewerbe,<br \/>\n&#8211; gegebenenfalls Angaben im Hinblick auf das Waffenrecht.<\/p>\n<p>2)\u00a0\u00a0\u00a0\u00a0Die St. Barbara- und St. Sebastianus- Sch\u00fctzenbruderschaft Eschweiler Pumpe-Stich e.V.hat Versicherungen abgeschlossen oder schlie\u00dft solche ab, aus denen sie und \/ oder ihre Mitglieder Leistungen beziehen k\u00f6nnen. Soweit dies zur Begr\u00fcndung, Durchf\u00fchrung oder Beendigung dieser Vertr\u00e4ge erforderlich ist, \u00fcbermittelt der Verein personenbezogene Daten seiner Mitglieder (Name, Adresse, Geburtsdatum oder Alter, Funktion(en) im Verein, etc.) an das zust\u00e4ndige Versicherungsunternehmen. Der Verein stellt hierbei vertraglich sicher, dass der (die) Empf\u00e4nger(in) die Daten ausschlie\u00dflich dem \u00dcbermittlungszweck gem\u00e4\u00df verwendet.<\/p>\n<p>3)\u00a0\u00a0\u00a0\u00a0Im Zusammenhang mit ihren Vereinsleben, Sportbetrieb sowie sonstigen satzungsgem\u00e4\u00dfen Veranstaltungen ver\u00f6ffentlicht die Bruderschaft\u00a0\u00a0personenbezogene Daten und Fotos ihrer Mitglieder in ihren Vereinsmitteilungen sowie auf ihrer Homepage und \u00fcbermittelt Daten und Fotos zur Ver\u00f6ffentlichung an Print- und Telemedien sowie elektronische Medien. Dies betrifft insbesondere Start- und Teilnehmerlisten, Mannschaftsaufstellungen, Ergebnisse, Wahlergebnisse sowie bei sportlichen oder sonstigen Veranstaltungen anwesende Vorstandsmitglieder und sonstige Funktion\u00e4re. Die Ver\u00f6ffentlichung \/ \u00dcbermittlung von Daten beschr\u00e4nkt sich hierbei auf Daten, die zur Organisation des Vereins und des Sportbetriebes n\u00f6tig sind. Hierzu geh\u00f6ren, Name, Anschrift, Vereins- und Abteilungszugeh\u00f6rigkeit, Funktion im Verein, Alter oder Geburtsjahrgang sowie Einstufungen in Behindertenklassen.<\/p>\n<p>4)\u00a0\u00a0\u00a0\u00a0Als Mitglied des Bundes der historischen Deutschen Sch\u00fctzenbruderschaften e.V. ist die Bruderschft verpflichtet, bestimmte personenbezogene Daten \u00fcber den o.a. Dachverband\u00a0\u00a0dorthin zu melden.<\/p>\n<p>Im Zusammenhang mit der Organisation und der Entwicklung des Dachverbandes, des Sportbetriebes in den entsprechenden jeweiligen \u00fcbergeordneten Verbandshierarchien sowie sonstigen satzungsgem\u00e4\u00dfen Veranstaltungen der \u00fcbergeordneten Verbandshierarchien \u00fcbermittelt der Verein personenbezogene Daten und gegebenenfalls Fotos seiner Mitglieder an diese zur Bearbeitung und Ver\u00f6ffentlichung.<\/p>\n<p>\u00dcbermittelt werden an den Dachverband der Name, Anschrift, Geburtsdatum, Wettkampfergebnisse, Startberechtigungen, Mannschaftsaufstellungen, praktizierte Wettbewerbe, Lizenzen, Berechtigungen, Vereins- und Abteilungszugeh\u00f6rigkeit, Informationen zur Einstufung in Behindertenklassen sowie bei Vereinsfunktionen auch Telefonnummern, Faxnummern und E-Mail-Adresse.<\/p>\n<p>Ein Mitglied kann jederzeit gegen\u00fcber dem Vorstand des verarbeitenden Verbandes der Ver\u00f6ffentlichung von Einzelfotos seiner Person widersprechen. Ab Zugang des Widerspruchs unterbleibt die Ver\u00f6ffentlichung \/ \u00dcbermittlung und der Verein entfernt vorhandene Einzelfotos von seiner Homepage.<\/p>\n<p>5)\u00a0\u00a0\u00a0\u00a0Die Bruderschaft ver\u00f6ffentlicht in seinen Vereinsmitteilungen, auf seiner Homepage als auch in weiteren elektronischen Medien \u00fcber besondere Ereignisse der Bruderschaft. Weiterhin erstellt die Bruderschaft Berichte an die Printmedien. Die Berichte betreffen die Veranstaltungen, Wahlen, Leistungen im Schie\u00dfsport mit Ergebnissen und Platzierungen, den Wettkampfablauf, besondere Beobachtungen w\u00e4hrend des Wettkampfes, Zitate der Sch\u00fctzen und Betreuer etc. Weiterhin berichtet die Bruderschaft hierbei auch \u00fcber das Erlangen von Lizenzen, Ehrungen und Geburtstage seiner Mitglieder. Au\u00dferdem werden Berichte \u00fcber das Training verfasst. Hierbei werden Fotos von Mitgliedern und folgende personenbezogene Mitgliederdaten ver\u00f6ffentlicht: Name, Bruderschafts- sowie Abteilungszugeh\u00f6rigkeit und deren Dauer, Funktion in der Bruderschaft- und \u2013soweit erforderlich \u2013 Alter, Geburtsjahrgang oder Geburtstag, Ergebnis, Platzierungen. Berichte \u00fcber Ehrungen nebst Fotos darf der Verein \u2013 unter Meldung von Name, Funktion im Verein, Vereins- sowie Abteilungszugeh\u00f6rigkeit und deren Dauer \u2013 auch an andere Print- und Telemedien sowie elektronische Medien \u00fcbermitteln. Im Hinblick auf Ehrungen und Geburtstage kann das betroffene Mitglied jederzeit gegen\u00fcber dem Vorstand der Ver\u00f6ffentlichung \/ \u00dcbermittlung von Einzelfotos sowie seiner personenbezogenen Daten allgemein oder f\u00fcr einzelne Ereignisse widersprechen.<\/p>\n<p>Ver\u00f6ffentlichungen in Printmedien, sowie Fotos von Mitgliedern, die bei Veranstaltungen des Vereines oder bei schie\u00dfsportlichen Veranstaltungen gemacht wurden, werden im der Sch\u00fctzenheim der Bruderschaft ausgehangen und anschlie\u00dfend verwahrt.<\/p>\n<p>6)\u00a0\u00a0\u00a0\u00a0Mitgliederlisten werden als Datei oder in gedruckter Form soweit an Vorstandsmitglieder, sonstige Funktion\u00e4re und Mitglieder herausgegeben, wie deren Funktion oder besondere Aufgabenstellung in der Bruderschaft\u00a0\u00a0die Kenntnisnahme erfordern. Macht ein Mitglied glaubhaft, dass es die Mitgliederliste zur Wahrnehmung seiner satzungsgem\u00e4\u00dfen Rechte (z. B. Minderheitenrechte) ben\u00f6tigt, wird ihm eine gedruckte Kopie der Liste gegen die schriftliche Versicherung ausgeh\u00e4ndigt, dass Namen, Adressen und sonstige Daten nicht zu anderen Zwecken Verwendung finden.<\/p>\n<p>Beinhalten die Mitgliederlisten besondere Kategorien personenbezogener Daten gem. Art. 9 Abs. 1 DSGVO so sind die Empf\u00e4nger der Geheimhaltung verpflichtet und haben die Geheimhaltung besonders zu erkl\u00e4ren. Die Herausgabe der Daten darf nur in digitaler und verschl\u00fcsselter Form erfolgen. Das Kennwort zur Entschl\u00fcsselung der Daten ist getrennt von der Daten\u00fcbermittlung zu \u00fcbermitteln.<\/p>\n<p>Diese Informationen werden im Verbandseigenen EDV-System gespeichert. Jedem Vereinsmitglied wird dabei eine Mitgliedsnummer zugeordnet. Die personenbezogenen Daten werden dabei durch geeignete technische und organisatorische Ma\u00dfnahmen vor der Kenntnisnahme Dritter gesch\u00fctzt.<\/p>\n<p>7)\u00a0\u00a0\u00a0\u00a0Sonstige Informationen und Informationen \u00fcber Nichtmitglieder werden von der Bruderschaft intern nur verarbeitet, wenn sie zur F\u00f6rderung des \u201eVereinszweckes\u201c n\u00fctzlich sind und keine Anhaltspunkte bestehen, dass die betroffene Person ein schutzw\u00fcrdiges Interesse hat, das der Verarbeitung entgegensteht.<\/p>\n<p>8)\u00a0\u00a0\u00a0\u00a0Durch ihre Mitgliedschaft und die damit verbundene Anerkennung dieser Satzung stimmen die Mitglieder der Erhebung, Verarbeitung (Speicherung, Ver\u00e4nderung, \u00dcbermittlung) und Nutzung ihrer personenbezogenen Daten in dem vorgenannten Ausma\u00df und Umfang zu. Eine anderweitige, \u00fcber die Erf\u00fcllung seiner satzungsgem\u00e4\u00dfen Aufgaben und Zwecke hinausgehende, Datenverwendung ist dem Verein nur erlaubt, sofern er aus gesetzlichen Gr\u00fcnden hierzu verpflichtet ist. Ein Datenverkauf ist nicht statthaft.<\/p>\n<p>9)\u00a0\u00a0\u00a0\u00a0\u00a0Jedes Mitglied hat im Rahmen der gesetzlichen Vorschriften des Bundesdatenschutzgesetzes (insbesondere \u00a7\u00a7 34, 35 BDSG) das Recht auf Auskunft \u00fcber die zu seiner Person gespeicherten Daten, deren Empf\u00e4nger und den Zweck der Speicherung sowie auf Berichtigung, L\u00f6schung oder Sperrung seiner Daten.<\/p>\n<p><strong>II. Standard-Disclaimer<\/strong><\/p>\n<p class=\"Textk\u00f6rper-P\"><span class=\"Textk\u00f6rper-C0\">Wir \u00fcbernehmen keine Haftung oder Garantie f\u00fcr unverlangt eingesendete Manuskripte, Fotos und Illustrationen. Die Verfasser sind nicht verantwortlich f\u00fcr die Aktualit\u00e4t, Richtigkeit und Vollst\u00e4ndigkeit der Inhalte und Informationen von anderen Webseiten, die auf direkten oder indirekten digitalen Verbindungen (&#8222;Links&#8220;) erreicht werden. Alle Logos, Warenzeichen und Texte auf dieser Seite sind gesch\u00fctzt durch ihre Eigent\u00fcmer. Sollten wir versehentlich gegen irgendwelche Copyrights versto\u00dfen haben, benachrichtigen Sie uns bitte umgehend per E-Mail.<\/span><\/p>\n<p class=\"Textk\u00f6rper-P\"><span class=\"Textk\u00f6rper-C0\">Erkl\u00e4rung zum Haftungsausschluss bei verlinkten Seiten:<\/span><\/p>\n<p class=\"Textk\u00f6rper-P\"><span class=\"Textk\u00f6rper-C0\">Mit Urteil vom 12. Mai 1998 hat das Landgericht Hamburg entschieden, dass man durch die Ausbringung eines Links die Inhalte der gelinkten Seite ggf. mit zu verantworten hat. Dies kann, so das LG, nur dadurch verhindert werden, dass man sich ausdr\u00fccklich von diesen Inhalten distanziert. F\u00fcr alle Links auf den Seiten \u00a0gilt daher: Wir m\u00f6chten ausdr\u00fccklich klarstellen, dass wir keinerlei Einfluss auf die Gestaltung und die Inhalte der gelinkten Seiten haben. Deshalb distanzieren wir uns hiermit ausdr\u00fccklich von allen Inhalten aller gelinkten Seiten auf unserer Homepage. Diese Erkl\u00e4rung gilt f\u00fcr alle auf unserer Homepage vorhandenen Links.<\/span><\/p>\n<p class=\"Textk\u00f6rper-P\"><span class=\"Textk\u00f6rper-C0\">Das Logo in dieser Form wurde aus mehreren Fotos von Heiligenfiguren montiert und daraufhin Bildtechnisch bearbeitet und verfremdet. Sollte daran Anstoss genommen werden, bitten wir um \u00a0Benachrichtigung zwecks Kl\u00e4rung des Sachverhalts.<\/span><\/p>\n<p class=\"Textk\u00f6rper-P\"><span class=\"Textk\u00f6rper-C0\">Alle Bilder, die auf dieser Homepage zu sehen sind, k\u00f6nnen nachtr\u00e4glich entfernt werden, damit m\u00f6chten wir uns vor Urheberrechtsverletzungen sch\u00fctzen.<\/span><\/p>\n<p class=\"Textk\u00f6rper-P\"><span class=\"Textk\u00f6rper-C0\">St.Barbara St. Sebastianus Sch\u00fctzenbruderschaft Eschweiler Pumpe-Stich 1896 e.V.<\/span><\/p>\n","protected":false},"excerpt":{"rendered":"<div class=\"mh-excerpt\"><p>Datenschutzordnung der Bruderschaft EU-DSGVO I. Datenschutz nach EU-DSGVO ab den 25.Mai 2018\u00a0 1)\u00a0\u00a0\u00a0\u00a0Die St. Barbara- und St. Sebastianus- Sch\u00fctzenbruderschaft Eschweiler Pumpe-Stich e.V. erhebt, verarbeitet und <a class=\"mh-excerpt-more\" href=\"https:\/\/schuetzenpumpestich.de\/?page_id=2\" title=\"EU-DSGVO\">[&#8230;]<\/a><\/p>\n<\/div>","protected":false},"author":1,"featured_media":0,"parent":0,"menu_order":0,"comment_status":"closed","ping_status":"open","template":"","meta":{"_price":"","_stock":"","_tribe_ticket_header":"","_tribe_default_ticket_provider":"","_tribe_ticket_capacity":"0","_ticket_start_date":"","_ticket_end_date":"","_tribe_ticket_show_description":"","_tribe_ticket_show_not_going":false,"_tribe_ticket_use_global_stock":"","_tribe_ticket_global_stock_level":"","_global_stock_mode":"","_global_stock_cap":"","_tribe_rsvp_for_event":"","_tribe_ticket_going_count":"","_tribe_ticket_not_going_count":"","_tribe_tickets_list":"[]","_tribe_ticket_has_attendee_info_fields":false,"footnotes":"","_tec_slr_enabled":"","_tec_slr_layout":""},"ticketed":false,"_links":{"self":[{"href":"https:\/\/schuetzenpumpestich.de\/index.php?rest_route=\/wp\/v2\/pages\/2"}],"collection":[{"href":"https:\/\/schuetzenpumpestich.de\/index.php?rest_route=\/wp\/v2\/pages"}],"about":[{"href":"https:\/\/schuetzenpumpestich.de\/index.php?rest_route=\/wp\/v2\/types\/page"}],"author":[{"embeddable":true,"href":"https:\/\/schuetzenpumpestich.de\/index.php?rest_route=\/wp\/v2\/users\/1"}],"replies":[{"embeddable":true,"href":"https:\/\/schuetzenpumpestich.de\/index.php?rest_route=%2Fwp%2Fv2%2Fcomments&post=2"}],"version-history":[{"count":4,"href":"https:\/\/schuetzenpumpestich.de\/index.php?rest_route=\/wp\/v2\/pages\/2\/revisions"}],"predecessor-version":[{"id":119,"href":"https:\/\/schuetzenpumpestich.de\/index.php?rest_route=\/wp\/v2\/pages\/2\/revisions\/119"}],"wp:attachment":[{"href":"https:\/\/schuetzenpumpestich.de\/index.php?rest_route=%2Fwp%2Fv2%2Fmedia&parent=2"}],"curies":[{"name":"wp","href":"https:\/\/api.w.org\/{rel}","templated":true}]}}