{"id":181,"date":"2019-05-14T16:17:17","date_gmt":"2019-05-14T16:17:17","guid":{"rendered":"http:\/\/schuetzenpumpestich.de\/?page_id=181"},"modified":"2019-05-15T18:40:55","modified_gmt":"2019-05-15T18:40:55","slug":"impressum-disclaimer","status":"publish","type":"page","link":"https:\/\/schuetzenpumpestich.de\/?page_id=181","title":{"rendered":"Impressum &#038; Disclaimer:"},"content":{"rendered":"\n<p><strong>Dom\u00e4neninhaber:<\/strong><\/p>\n\n\n\n<p>St.Barbara und St.Sebastianus Sch\u00fctzenbruderschaft Eschweiler Pumpe-Stich e.V. , Arndtstra\u00dfe 7a, 52249 Eschweiler<\/p>\n\n\n\n<p><strong>Webmaster:<\/strong><\/p>\n\n\n\n<p>Oliver Wald, Brudermeister<\/p>\n\n\n\n<p>Petra Frohn,Gesch\u00e4ftsf\u00fchrerin<\/p>\n\n\n\n<p><\/p>\n\n\n\n<p><strong>Disclaimer:<\/strong><\/p>\n\n\n\n<p>Wir \u00fcbernehmen keine Haftung oder Garantie f\u00fcr unverlangt eingesendete Manuskripte, Fotos und Illustrationen. Die Verfasser sind nicht verantwortlich f\u00fcr die Aktualit\u00e4t, Richtigkeit und Vollst\u00e4ndigkeit der Inhalte und Informationen von anderen Webseiten, die auf direkten oder indirekten digitalen Verbindungen (&#8222;Links&#8220;) erreicht werden. Alle Logos, Warenzeichen und Texte auf dieser Seite sind gesch\u00fctzt durch ihre Eigent\u00fcmer. Sollten wir versehentlich gegen irgendwelche Copyrights versto\u00dfen haben, benachrichtigen Sie uns bitte umgehend per E-Mail.<\/p>\n\n\n\n<p>Erkl\u00e4rung zum Haftungsausschluss bei verlinkten Seiten:<\/p>\n\n\n\n<p>Mit Urteil vom 12. Mai 1998 hat das Landgericht Hamburg entschieden, dass man durch die Ausbringung eines Links die Inhalte der gelinkten Seite ggf. mit zu verantworten hat. Dies kann, so das LG, nur dadurch verhindert werden, dass man sich ausdr\u00fccklich von diesen Inhalten distanziert. F\u00fcr alle Links auf den Seiten &nbsp;gilt daher: Wir m\u00f6chten ausdr\u00fccklich klarstellen, dass wir keinerlei Einfluss auf die Gestaltung und die Inhalte der gelinkten Seiten haben. Deshalb distanzieren wir uns hiermit ausdr\u00fccklich von allen Inhalten aller gelinkten Seiten auf unserer Homepage. Diese Erkl\u00e4rung gilt f\u00fcr alle auf unserer Homepage vorhandenen Links.<\/p>\n\n\n\n<p>Das Logo in dieser Form wurde aus mehreren Fotos von Heiligenfiguren montiert und daraufhin Bildtechnisch bearbeitet und verfremdet. Sollte daran Anstoss genommen werden, bitten wir um &nbsp;Benachrichtigung zwecks Kl\u00e4rung des Sachverhalts.<\/p>\n\n\n\n<p>Alle Bilder, die auf dieser Homepage zu sehen sind, k\u00f6nnen nachtr\u00e4glich entfernt werden, damit m\u00f6chten wir uns vor Urheberrechtsverletzungen sch\u00fctzen.<\/p>\n\n\n\n<p>St.Barbara St. Sebastianus Sch\u00fctzenbruderschaft Eschweiler Pumpe-Stich 1896 e.V.<\/p>\n\n\n\n<p><strong>Design:<\/strong><\/p>\n\n\n\n<p>Oliver Wald, April 2019<\/p>\n\n\n\n<p><\/p>\n","protected":false},"excerpt":{"rendered":"<div class=\"mh-excerpt\"><p>Dom\u00e4neninhaber: St.Barbara und St.Sebastianus Sch\u00fctzenbruderschaft Eschweiler Pumpe-Stich e.V. , Arndtstra\u00dfe 7a, 52249 Eschweiler Webmaster: Oliver Wald, Brudermeister Petra Frohn,Gesch\u00e4ftsf\u00fchrerin Disclaimer: Wir \u00fcbernehmen keine Haftung oder <a class=\"mh-excerpt-more\" href=\"https:\/\/schuetzenpumpestich.de\/?page_id=181\" title=\"Impressum &#038; Disclaimer:\">[&#8230;]<\/a><\/p>\n<\/div>","protected":false},"author":1,"featured_media":0,"parent":0,"menu_order":0,"comment_status":"closed","ping_status":"closed","template":"","meta":{"_price":"","_stock":"","_tribe_ticket_header":"","_tribe_default_ticket_provider":"","_tribe_ticket_capacity":"0","_ticket_start_date":"","_ticket_end_date":"","_tribe_ticket_show_description":"","_tribe_ticket_show_not_going":false,"_tribe_ticket_use_global_stock":"","_tribe_ticket_global_stock_level":"","_global_stock_mode":"","_global_stock_cap":"","_tribe_rsvp_for_event":"","_tribe_ticket_going_count":"","_tribe_ticket_not_going_count":"","_tribe_tickets_list":"[]","_tribe_ticket_has_attendee_info_fields":false,"footnotes":"","_tec_slr_enabled":"","_tec_slr_layout":""},"ticketed":false,"_links":{"self":[{"href":"https:\/\/schuetzenpumpestich.de\/index.php?rest_route=\/wp\/v2\/pages\/181"}],"collection":[{"href":"https:\/\/schuetzenpumpestich.de\/index.php?rest_route=\/wp\/v2\/pages"}],"about":[{"href":"https:\/\/schuetzenpumpestich.de\/index.php?rest_route=\/wp\/v2\/types\/page"}],"author":[{"embeddable":true,"href":"https:\/\/schuetzenpumpestich.de\/index.php?rest_route=\/wp\/v2\/users\/1"}],"replies":[{"embeddable":true,"href":"https:\/\/schuetzenpumpestich.de\/index.php?rest_route=%2Fwp%2Fv2%2Fcomments&post=181"}],"version-history":[{"count":3,"href":"https:\/\/schuetzenpumpestich.de\/index.php?rest_route=\/wp\/v2\/pages\/181\/revisions"}],"predecessor-version":[{"id":187,"href":"https:\/\/schuetzenpumpestich.de\/index.php?rest_route=\/wp\/v2\/pages\/181\/revisions\/187"}],"wp:attachment":[{"href":"https:\/\/schuetzenpumpestich.de\/index.php?rest_route=%2Fwp%2Fv2%2Fmedia&parent=181"}],"curies":[{"name":"wp","href":"https:\/\/api.w.org\/{rel}","templated":true}]}}