{"id":174,"date":"2019-04-30T20:44:20","date_gmt":"2019-04-30T20:44:20","guid":{"rendered":"http:\/\/schuetzenpumpestich.de\/?page_id=174"},"modified":"2019-09-08T09:26:04","modified_gmt":"2019-09-08T09:26:04","slug":"formular-und-dokumentendownload","status":"publish","type":"page","link":"https:\/\/schuetzenpumpestich.de\/?page_id=174","title":{"rendered":"Downloadbereich"},"content":{"rendered":"\n<div class=\"wp-block-file\"><a href=\"https:\/\/schuetzenpumpestich.de\/wp-content\/uploads\/2019\/09\/Jubil\u00e4umsfeierlichkeiten.mp4\">Wir stellen uns vor  PPT 2019 (MPG4)<\/a><a href=\"https:\/\/schuetzenpumpestich.de\/wp-content\/uploads\/2019\/09\/Jubil\u00e4umsfeierlichkeiten.mp4\" class=\"wp-block-file__button\" download>Herunterladen<\/a><\/div>\n\n\n\n<div class=\"wp-block-file\"><a href=\"https:\/\/schuetzenpumpestich.de\/wp-content\/uploads\/2019\/09\/Chronik-bis-2009.pdf\">Chronik bis 2009<\/a><a href=\"https:\/\/schuetzenpumpestich.de\/wp-content\/uploads\/2019\/09\/Chronik-bis-2009.pdf\" class=\"wp-block-file__button\" download>Herunterladen<\/a><\/div>\n\n\n\n<div class=\"wp-block-file\"><a href=\"https:\/\/schuetzenpumpestich.de\/wp-content\/uploads\/2019\/09\/Chronik-09-19.pdf\">Chronik 2009 &#8211; 2019 <\/a><a href=\"https:\/\/schuetzenpumpestich.de\/wp-content\/uploads\/2019\/09\/Chronik-09-19.pdf\" class=\"wp-block-file__button\" download>Herunterladen<\/a><\/div>\n\n\n\n<div class=\"wp-block-file alignleft\"><a href=\"https:\/\/schuetzenpumpestich.de\/wp-content\/uploads\/2019\/04\/einverst\u00e4ndniserkl\u00e4rung-schie\u00dfen.docx\">Schie\u00dfsport Einverst\u00e4ndniserkl\u00e4rung<br>Kinder\/Jugendliche <\/a><a href=\"https:\/\/schuetzenpumpestich.de\/wp-content\/uploads\/2019\/04\/einverst\u00e4ndniserkl\u00e4rung-schie\u00dfen.docx\" class=\"wp-block-file__button\" download>Herunterladen<\/a><\/div>\n\n\n\n<p><\/p>\n","protected":false},"excerpt":{"rendered":"<div class=\"mh-excerpt\"><\/div>","protected":false},"author":1,"featured_media":0,"parent":0,"menu_order":0,"comment_status":"closed","ping_status":"closed","template":"","meta":{"_price":"","_stock":"","_tribe_ticket_header":"","_tribe_default_ticket_provider":"","_tribe_ticket_capacity":"0","_ticket_start_date":"","_ticket_end_date":"","_tribe_ticket_show_description":"","_tribe_ticket_show_not_going":false,"_tribe_ticket_use_global_stock":"","_tribe_ticket_global_stock_level":"","_global_stock_mode":"","_global_stock_cap":"","_tribe_rsvp_for_event":"","_tribe_ticket_going_count":"","_tribe_ticket_not_going_count":"","_tribe_tickets_list":"[]","_tribe_ticket_has_attendee_info_fields":false,"footnotes":"","_tec_slr_enabled":"","_tec_slr_layout":""},"ticketed":false,"_links":{"self":[{"href":"https:\/\/schuetzenpumpestich.de\/index.php?rest_route=\/wp\/v2\/pages\/174"}],"collection":[{"href":"https:\/\/schuetzenpumpestich.de\/index.php?rest_route=\/wp\/v2\/pages"}],"about":[{"href":"https:\/\/schuetzenpumpestich.de\/index.php?rest_route=\/wp\/v2\/types\/page"}],"author":[{"embeddable":true,"href":"https:\/\/schuetzenpumpestich.de\/index.php?rest_route=\/wp\/v2\/users\/1"}],"replies":[{"embeddable":true,"href":"https:\/\/schuetzenpumpestich.de\/index.php?rest_route=%2Fwp%2Fv2%2Fcomments&post=174"}],"version-history":[{"count":4,"href":"https:\/\/schuetzenpumpestich.de\/index.php?rest_route=\/wp\/v2\/pages\/174\/revisions"}],"predecessor-version":[{"id":271,"href":"https:\/\/schuetzenpumpestich.de\/index.php?rest_route=\/wp\/v2\/pages\/174\/revisions\/271"}],"wp:attachment":[{"href":"https:\/\/schuetzenpumpestich.de\/index.php?rest_route=%2Fwp%2Fv2%2Fmedia&parent=174"}],"curies":[{"name":"wp","href":"https:\/\/api.w.org\/{rel}","templated":true}]}}