{"id":104,"date":"2019-04-14T15:13:59","date_gmt":"2019-04-14T15:13:59","guid":{"rendered":"http:\/\/schuetzenpumpestich.de\/?page_id=104"},"modified":"2024-08-09T18:58:16","modified_gmt":"2024-08-09T18:58:16","slug":"traditionsgruppe","status":"publish","type":"page","link":"https:\/\/schuetzenpumpestich.de\/?page_id=104","title":{"rendered":"OFFIZIERSCORPS"},"content":{"rendered":"\n<p><strong>UNSERE TRADITIONSGRUPPE<\/strong><\/p>\n\n\n<div class=\"wp-block-image\">\n<figure class=\"aligncenter\"><img loading=\"lazy\" decoding=\"async\" width=\"360\" height=\"240\" src=\"https:\/\/schuetzenpumpestich.de\/wp-content\/uploads\/2019\/04\/festzug2_360-2.jpeg\" alt=\"\" class=\"wp-image-30\" srcset=\"https:\/\/schuetzenpumpestich.de\/wp-content\/uploads\/2019\/04\/festzug2_360-2.jpeg 360w, https:\/\/schuetzenpumpestich.de\/wp-content\/uploads\/2019\/04\/festzug2_360-2-300x200.jpeg 300w\" sizes=\"(max-width: 360px) 100vw, 360px\" \/><figcaption class=\"wp-element-caption\"><br>Festzug<\/figcaption><\/figure><\/div>\n\n\n<p>Das Offizierscorps bedient das traditionelle &nbsp;Element der Bruderschaft. Das Offizierskorps sorgt f\u00fcr die \u00f6ffentliche Wahrnehmung der Bruderschaft durch Teilnahme an Festumz\u00fcgen, Veranstaltungen, Ordnungsdienst bei kirchlichen Gro\u00dfereignissen und Ehrendiensten, wie z.B. dem Volkstrauertag.<\/p>\n\n\n<div class=\"wp-block-image\">\n<figure class=\"aligncenter\"><img loading=\"lazy\" decoding=\"async\" width=\"318\" height=\"424\" src=\"https:\/\/schuetzenpumpestich.de\/wp-content\/uploads\/2019\/04\/image.png\" alt=\"\" class=\"wp-image-153\" srcset=\"https:\/\/schuetzenpumpestich.de\/wp-content\/uploads\/2019\/04\/image.png 318w, https:\/\/schuetzenpumpestich.de\/wp-content\/uploads\/2019\/04\/image-225x300.png 225w\" sizes=\"(max-width: 318px) 100vw, 318px\" \/><figcaption class=\"wp-element-caption\">Kaspar Schmitz <strong>+<\/strong><\/figcaption><\/figure><\/div>\n\n\n<p>Kaspar Schmitz war bis zu seinem Tod am 03.06.2024 als Generalfeldmarschall der Rangh\u00f6chste Offizier der Bruderschaft<\/p>\n\n\n<div class=\"wp-block-image\">\n<figure class=\"aligncenter\"><img loading=\"lazy\" decoding=\"async\" width=\"324\" height=\"434\" src=\"https:\/\/schuetzenpumpestich.de\/wp-content\/uploads\/2019\/04\/hpbings_med_hr.jpg\" alt=\"\" class=\"wp-image-150\" srcset=\"https:\/\/schuetzenpumpestich.de\/wp-content\/uploads\/2019\/04\/hpbings_med_hr.jpg 324w, https:\/\/schuetzenpumpestich.de\/wp-content\/uploads\/2019\/04\/hpbings_med_hr-224x300.jpg 224w\" sizes=\"(max-width: 324px) 100vw, 324px\" \/><figcaption class=\"wp-element-caption\">Hans-Peter Bings<\/figcaption><\/figure><\/div>\n\n\n<p>Hans- Peter Bings ist als General f\u00fcr die Leitung des Offizierscorps verantwortlich.<\/p>\n\n\n<div class=\"wp-block-image\">\n<figure class=\"aligncenter size-large\"><img loading=\"lazy\" decoding=\"async\" width=\"769\" height=\"1024\" src=\"https:\/\/schuetzenpumpestich.de\/wp-content\/uploads\/2024\/04\/IMG_3722-769x1024.jpg\" alt=\"Funktionstr\u00e4ger des Offizierskorps\" class=\"wp-image-670\" srcset=\"https:\/\/schuetzenpumpestich.de\/wp-content\/uploads\/2024\/04\/IMG_3722-769x1024.jpg 769w, https:\/\/schuetzenpumpestich.de\/wp-content\/uploads\/2024\/04\/IMG_3722-225x300.jpg 225w, https:\/\/schuetzenpumpestich.de\/wp-content\/uploads\/2024\/04\/IMG_3722-768x1022.jpg 768w, https:\/\/schuetzenpumpestich.de\/wp-content\/uploads\/2024\/04\/IMG_3722-1154x1536.jpg 1154w, https:\/\/schuetzenpumpestich.de\/wp-content\/uploads\/2024\/04\/IMG_3722-1539x2048.jpg 1539w, https:\/\/schuetzenpumpestich.de\/wp-content\/uploads\/2024\/04\/IMG_3722-scaled.jpg 1924w\" sizes=\"(max-width: 769px) 100vw, 769px\" \/><figcaption class=\"wp-element-caption\">Funktionstr\u00e4ger des Offizierskorps 2024: (v.l.n.r.) F\u00e4hnrich Michael Prasse, Generalfeldmarschall Kaspar Schmitz (<strong>+<\/strong>), General Hans-Peter Bings, Kommandant Oliver Wald<\/figcaption><\/figure><\/div>","protected":false},"excerpt":{"rendered":"<div class=\"mh-excerpt\"><p>UNSERE TRADITIONSGRUPPE Das Offizierscorps bedient das traditionelle &nbsp;Element der Bruderschaft. Das Offizierskorps sorgt f\u00fcr die \u00f6ffentliche Wahrnehmung der Bruderschaft durch Teilnahme an Festumz\u00fcgen, Veranstaltungen, Ordnungsdienst <a class=\"mh-excerpt-more\" href=\"https:\/\/schuetzenpumpestich.de\/?page_id=104\" title=\"OFFIZIERSCORPS\">[&#8230;]<\/a><\/p>\n<\/div>","protected":false},"author":1,"featured_media":94,"parent":0,"menu_order":0,"comment_status":"closed","ping_status":"closed","template":"","meta":{"_price":"","_stock":"","_tribe_ticket_header":"","_tribe_default_ticket_provider":"","_tribe_ticket_capacity":"0","_ticket_start_date":"","_ticket_end_date":"","_tribe_ticket_show_description":"","_tribe_ticket_show_not_going":false,"_tribe_ticket_use_global_stock":"","_tribe_ticket_global_stock_level":"","_global_stock_mode":"","_global_stock_cap":"","_tribe_rsvp_for_event":"","_tribe_ticket_going_count":"","_tribe_ticket_not_going_count":"","_tribe_tickets_list":"[]","_tribe_ticket_has_attendee_info_fields":false,"footnotes":"","_tec_slr_enabled":"","_tec_slr_layout":""},"ticketed":false,"_links":{"self":[{"href":"https:\/\/schuetzenpumpestich.de\/index.php?rest_route=\/wp\/v2\/pages\/104"}],"collection":[{"href":"https:\/\/schuetzenpumpestich.de\/index.php?rest_route=\/wp\/v2\/pages"}],"about":[{"href":"https:\/\/schuetzenpumpestich.de\/index.php?rest_route=\/wp\/v2\/types\/page"}],"author":[{"embeddable":true,"href":"https:\/\/schuetzenpumpestich.de\/index.php?rest_route=\/wp\/v2\/users\/1"}],"replies":[{"embeddable":true,"href":"https:\/\/schuetzenpumpestich.de\/index.php?rest_route=%2Fwp%2Fv2%2Fcomments&post=104"}],"version-history":[{"count":7,"href":"https:\/\/schuetzenpumpestich.de\/index.php?rest_route=\/wp\/v2\/pages\/104\/revisions"}],"predecessor-version":[{"id":695,"href":"https:\/\/schuetzenpumpestich.de\/index.php?rest_route=\/wp\/v2\/pages\/104\/revisions\/695"}],"wp:featuredmedia":[{"embeddable":true,"href":"https:\/\/schuetzenpumpestich.de\/index.php?rest_route=\/wp\/v2\/media\/94"}],"wp:attachment":[{"href":"https:\/\/schuetzenpumpestich.de\/index.php?rest_route=%2Fwp%2Fv2%2Fmedia&parent=104"}],"curies":[{"name":"wp","href":"https:\/\/api.w.org\/{rel}","templated":true}]}}